{"id":296,"date":"2024-03-02T15:10:40","date_gmt":"2024-03-02T14:10:40","guid":{"rendered":"https:\/\/panathlon.fr\/?page_id=296"},"modified":"2025-02-05T12:37:38","modified_gmt":"2025-02-05T11:37:38","slug":"club-angers-about-us","status":"publish","type":"page","link":"https:\/\/panathlon.fr\/index.php\/club-angers-about-us\/","title":{"rendered":"Club Angers About Us"},"content":{"rendered":"<div class=\"fusion-fullwidth fullwidth-box fusion-builder-row-1 fusion-flex-container has-pattern-background has-mask-background nonhundred-percent-fullwidth non-hundred-percent-height-scrolling\" style=\"--awb-border-radius-top-left:0px;--awb-border-radius-top-right:0px;--awb-border-radius-bottom-right:0px;--awb-border-radius-bottom-left:0px;--awb-flex-wrap:wrap;\" ><div class=\"fusion-builder-row fusion-row fusion-flex-align-items-flex-start fusion-flex-content-wrap\" style=\"max-width:1248px;margin-left: calc(-4% \/ 2 );margin-right: calc(-4% \/ 2 );\"><div class=\"fusion-layout-column fusion_builder_column fusion-builder-column-0 fusion_builder_column_1_1 1_1 fusion-flex-column\" style=\"--awb-bg-size:cover;--awb-width-large:100%;--awb-margin-top-large:0px;--awb-spacing-right-large:1.92%;--awb-margin-bottom-large:20px;--awb-spacing-left-large:1.92%;--awb-width-medium:100%;--awb-order-medium:0;--awb-spacing-right-medium:1.92%;--awb-spacing-left-medium:1.92%;--awb-width-small:100%;--awb-order-small:0;--awb-spacing-right-small:1.92%;--awb-spacing-left-small:1.92%;\"><div class=\"fusion-column-wrapper fusion-column-has-shadow fusion-flex-justify-content-flex-start fusion-content-layout-column\"><div class=\"fusion-title title fusion-title-1 fusion-sep-none fusion-title-text fusion-title-size-one\"><h1 class=\"fusion-title-heading title-heading-left\" style=\"margin:0;\">A propos de nous&#8230;<\/h1><\/div><div class=\"fusion-text fusion-text-1\"><p>Le Panathlon International Club d\u2019Angers est l\u2019un des 269 clubs existant dans le Monde. Cr\u00e9\u00e9 le 31 juillet 1990, le Panathlon International Club d\u2019Angers, a pour objet \u00ab l\u2019attestation de l\u2019id\u00e9al sportif et de ses valeurs morales en tant que moyen de solidarit\u00e9 entre les hommes et les peuples \u00bb.<br \/>\nLe club d\u2019Angers regroupe une douzaine de membres qui ont tous une exp\u00e9rience particuli\u00e8re dans des domaines diff\u00e9rents et compl\u00e9mentaires allant du Professorat d\u2019Education Physique et sportive \u00e0 la presse sp\u00e9cialis\u00e9e et \u00e0 l\u2019exercice de la m\u00e9decine du sport sur le terrain.<\/p>\n<p>Parmi ses membres fondateurs, citons les regrett\u00e9s Marcel Qu\u00e9mard et Francis Grandi\u00e8re, bien connus du monde sportif.<\/p>\n<p>Les r\u00e9flexions issues de nos r\u00e9unions sont des bases de propositions en vue d\u2019am\u00e9liorer la qualit\u00e9 \u00e9ducative de la pratique sportive, le respect du Fair Play dans un but multi-culturel afin de d\u00e9fendre les valeurs du sport consid\u00e9r\u00e9es comme un moyen de formation et de maintien de la personne et comme un v\u00e9cu de \u00ab solidarit\u00e9 entre les hommes et les peuples \u00bb.<\/p>\n<\/div><\/div><\/div><\/div><\/div>\n","protected":false},"excerpt":{"rendered":"","protected":false},"author":2,"featured_media":0,"parent":0,"menu_order":0,"comment_status":"closed","ping_status":"closed","template":"100-width.php","meta":{"footnotes":""},"folder":[11],"class_list":["post-296","page","type-page","status-publish","hentry"],"_links":{"self":[{"href":"https:\/\/panathlon.fr\/index.php\/wp-json\/wp\/v2\/pages\/296","targetHints":{"allow":["GET"]}}],"collection":[{"href":"https:\/\/panathlon.fr\/index.php\/wp-json\/wp\/v2\/pages"}],"about":[{"href":"https:\/\/panathlon.fr\/index.php\/wp-json\/wp\/v2\/types\/page"}],"author":[{"embeddable":true,"href":"https:\/\/panathlon.fr\/index.php\/wp-json\/wp\/v2\/users\/2"}],"replies":[{"embeddable":true,"href":"https:\/\/panathlon.fr\/index.php\/wp-json\/wp\/v2\/comments?post=296"}],"version-history":[{"count":33,"href":"https:\/\/panathlon.fr\/index.php\/wp-json\/wp\/v2\/pages\/296\/revisions"}],"predecessor-version":[{"id":629,"href":"https:\/\/panathlon.fr\/index.php\/wp-json\/wp\/v2\/pages\/296\/revisions\/629"}],"wp:attachment":[{"href":"https:\/\/panathlon.fr\/index.php\/wp-json\/wp\/v2\/media?parent=296"}],"wp:term":[{"taxonomy":"folder","embeddable":true,"href":"https:\/\/panathlon.fr\/index.php\/wp-json\/wp\/v2\/folder?post=296"}],"curies":[{"name":"wp","href":"https:\/\/api.w.org\/{rel}","templated":true}]}}